{"id":51,"date":"2024-02-14T17:26:27","date_gmt":"2024-02-14T16:26:27","guid":{"rendered":"http:\/\/zrobremont.pl\/?page_id=51"},"modified":"2024-02-14T18:29:40","modified_gmt":"2024-02-14T17:29:40","slug":"strona-glowna","status":"publish","type":"page","link":"https:\/\/zrobremont.pl\/","title":{"rendered":"Witaj serdecznie!"},"content":{"rendered":"\n<p class=\"has-text-color has-link-color wp-elements-7bb613af676fa5612624687c30a74b4e\" style=\"color:#535353\">My\u015blisz o remoncie domu lub mieszkania? Chcia\u0142by\u015b od\u015bwie\u017cy\u0107 \u0142azienk\u0119, pomalowa\u0107 \u015bciany a mo\u017ce dociepli\u0107 dom? \u015awietnie trafi\u0142e\u015b, co prawda <strong>strona jest jeszcze w budowie<\/strong>, ale my jeste\u015bmy gotowi aby dzia\u0142a\u0107! <\/p>\n\n\n\n<p class=\"has-text-color has-link-color wp-elements-b8d941331d5aed0fe90e2f306f1354f9\" style=\"color:#8596a1\"><mark style=\"background-color:rgba(0, 0, 0, 0);color:#a6b428\" class=\"has-inline-color\">Masz pytania &#8211; zadzwo\u0144, napisz!<\/mark><\/p>\n\n\n\n<div class=\"wp-block-columns is-layout-flex wp-container-core-columns-is-layout-9d6595d7 wp-block-columns-is-layout-flex\">\n<div class=\"wp-block-column is-layout-flow wp-block-column-is-layout-flow\">\n<h3 class=\"wp-block-heading\"><strong><mark style=\"background-color:rgba(0, 0, 0, 0);color:#a6b428\" class=\"has-inline-color\">zrobremont.pl sp. z o.o.<\/mark><\/strong><br><kbd><code>ul.Wsp\u00f3lna 3\/6 <\/code><\/kbd><br><kbd><code>35-205 Rzesz\u00f3w<br>NIP 5272965599<\/code><\/kbd> <kbd><code>KRS0000913766<\/code><\/kbd><br><kbd><code>REGON 389569307<\/code><\/kbd><\/h3>\n<\/div>\n\n\n\n<div class=\"wp-block-column is-layout-flow wp-block-column-is-layout-flow\">\n<iframe src=\"https:\/\/www.google.com\/maps\/embed?pb=!1m18!1m12!1m3!1d1811.204110053048!2d21.986528346364828!3d50.05951915093223!2m3!1f0!2f0!3f0!3m2!1i1024!2i768!4f13.1!3m3!1m2!1s0x473cfb3f81bc26dd%3A0x77e428193ad5b89a!2zV3Nww7NsbmEgMywgMzUtMjA1IFJ6ZXN6w7N3!5e0!3m2!1spl!2spl!4v1707929080805!5m2!1spl!2spl\" width=\"450\" height=\"200\" style=\"border:0;\" allowfullscreen=\"\" loading=\"lazy\" referrerpolicy=\"no-referrer-when-downgrade\"><\/iframe>\n<\/div>\n<\/div>\n\n\n\n<blockquote class=\"wp-block-quote has-text-color has-link-color wp-elements-f85f915ccb00f8fc1acbf547bd68930f is-layout-flow wp-block-quote-is-layout-flow\" style=\"color:#54545494\">\n<p class=\"has-white-background-color has-text-color has-background has-link-color wp-elements-b4d70ef916209a0eb62ac484d571d620\" style=\"color:#535353\">&#8222;To nie sztuka wybudowa\u0107 nowy dom, sztuka sprawi\u0107 by mia\u0142 w sobie dusz\u0119&#8221;<\/p>\n<cite>Tomasz Misiak<\/cite><\/blockquote>\n","protected":false},"excerpt":{"rendered":"<p>My\u015blisz o remoncie domu lub mieszkania? Chcia\u0142by\u015b od\u015bwie\u017cy\u0107 \u0142azienk\u0119, pomalowa\u0107 \u015bciany a mo\u017ce dociepli\u0107 dom? \u015awietnie trafi\u0142e\u015b, co prawda strona jest jeszcze w budowie, ale my jeste\u015bmy gotowi aby dzia\u0142a\u0107! Masz pytania &#8211; zadzwo\u0144, napisz! zrobremont.pl sp. z o.o.ul.Wsp\u00f3lna 3\/6 35-205 Rzesz\u00f3wNIP 5272965599 KRS0000913766REGON 389569307 &#8222;To nie sztuka wybudowa\u0107 nowy dom, sztuka sprawi\u0107 by mia\u0142 &hellip; <\/p>\n<p class=\"link-more\"><a href=\"https:\/\/zrobremont.pl\/\" class=\"more-link\">Czytaj dalej<span class=\"screen-reader-text\"> \u201eWitaj serdecznie!\u201d<\/span><\/a><\/p>\n","protected":false},"author":1,"featured_media":0,"parent":0,"menu_order":0,"comment_status":"closed","ping_status":"closed","template":"","meta":{"footnotes":""},"class_list":["post-51","page","type-page","status-publish","hentry"],"_links":{"self":[{"href":"https:\/\/zrobremont.pl\/index.php\/wp-json\/wp\/v2\/pages\/51","targetHints":{"allow":["GET"]}}],"collection":[{"href":"https:\/\/zrobremont.pl\/index.php\/wp-json\/wp\/v2\/pages"}],"about":[{"href":"https:\/\/zrobremont.pl\/index.php\/wp-json\/wp\/v2\/types\/page"}],"author":[{"embeddable":true,"href":"https:\/\/zrobremont.pl\/index.php\/wp-json\/wp\/v2\/users\/1"}],"replies":[{"embeddable":true,"href":"https:\/\/zrobremont.pl\/index.php\/wp-json\/wp\/v2\/comments?post=51"}],"version-history":[{"count":36,"href":"https:\/\/zrobremont.pl\/index.php\/wp-json\/wp\/v2\/pages\/51\/revisions"}],"predecessor-version":[{"id":120,"href":"https:\/\/zrobremont.pl\/index.php\/wp-json\/wp\/v2\/pages\/51\/revisions\/120"}],"wp:attachment":[{"href":"https:\/\/zrobremont.pl\/index.php\/wp-json\/wp\/v2\/media?parent=51"}],"curies":[{"name":"wp","href":"https:\/\/api.w.org\/{rel}","templated":true}]}}