{"id":23,"date":"2024-02-14T15:30:39","date_gmt":"2024-02-14T14:30:39","guid":{"rendered":"http:\/\/zrobremont.pl\/?page_id=23"},"modified":"2024-02-14T20:08:18","modified_gmt":"2024-02-14T19:08:18","slug":"uslugi","status":"publish","type":"page","link":"https:\/\/zrobremont.pl\/index.php\/uslugi\/","title":{"rendered":"Us\u0142ugi"},"content":{"rendered":"<h2>Oferta<\/h2>\n<p>W naszej ofercie, skupiamy si\u0119 na kompleksowej realizacji projekt\u00f3w termomodernizacyjnych, kt\u00f3re kwalifikuj\u0105 si\u0119 do dofinansowania w ramach programu &#8222;Czyste Powietrze&#8221;. Nasza firma, dzia\u0142aj\u0105c na rynku ju\u017c od kilku lat, specjalizuje si\u0119 w szerokim zakresie us\u0142ug, kt\u00f3re obejmuj\u0105:<\/p>\n<p><strong>Wymian\u0119 starych piec\u00f3w<\/strong> na nowoczesne, ekologiczne \u017ar\u00f3d\u0142a ciep\u0142a, takie jak pompy ciep\u0142a czy kot\u0142y zgazowuj\u0105ce lub pelletowe. Zajmujemy si\u0119 zar\u00f3wno doborem odpowiedniego urz\u0105dzenia, jak i jego instalacj\u0105.<\/p>\n<p><strong>Instalacj\u0119 system\u00f3w fotowoltaicznych<\/strong>, dzi\u0119ki kt\u00f3rym mo\u017cesz znacz\u0105co obni\u017cy\u0107 rachunki za energi\u0119 oraz przyczyni\u0107 si\u0119 do ochrony \u015brodowiska przez produkcj\u0119 zielonej energii.<\/p>\n<p><strong>Modernizacj\u0119 stolarki okiennej i drzwiowej<\/strong>, co nie tylko poprawia estetyk\u0119 budynku, ale r\u00f3wnie\u017c jego izolacyjno\u015b\u0107 termiczn\u0105 i akustyczn\u0105.<\/p>\n<p><strong>Ocieplenie budynk\u00f3w<\/strong>, w tym izolacj\u0119 \u015bcian, dach\u00f3w i pod\u0142\u00f3g, co jest kluczowe dla zwi\u0119kszenia efektywno\u015bci energetycznej domu i zmniejszenia koszt\u00f3w ogrzewania.<\/p>\n<p>Nasza kompleksowa obs\u0142uga obejmuje r\u00f3wnie\u017c wszystkie etapy aplikacyjne zwi\u0105zane z uzyskaniem dofinansowania z programu &#8222;Czyste Powietrze&#8221;. Oferujemy:<\/p>\n<p><strong>Pomoc w przygotowaniu i z\u0142o\u017ceniu wniosku o dofinansowanie<\/strong>, w tym zgromadzenie niezb\u0119dnej dokumentacji oraz audyt energetyczny, kt\u00f3ry jest bezp\u0142atny w ramach programu. Nasze do\u015bwiadczenie i znajomo\u015b\u0107 procedur zapewniaj\u0105 wysok\u0105 skuteczno\u015b\u0107 w uzyskiwaniu wsparcia finansowego.<\/p>\n<p><strong>Profesjonalne doradztwo i projektowanie<\/strong>, maj\u0105ce na celu dostosowanie rozwi\u0105za\u0144 do indywidualnych potrzeb Twojego domu oraz maksymalizacj\u0119 korzy\u015bci p\u0142yn\u0105cych z inwestycji.<\/p>\n<p><strong>Realizacj\u0119 prac zgodnie z najwy\u017cszymi standardami<\/strong>, co gwarantuje trwa\u0142o\u015b\u0107 i efektywno\u015b\u0107 zainstalowanych rozwi\u0105za\u0144.<\/p>\n<p>Dzia\u0142aj\u0105c w bran\u017cy ju\u017c od kilku lat, zgromadzili\u015bmy bogate do\u015bwiadczenie i setki zadowolonych klient\u00f3w, kt\u00f3rzy dzi\u0119ki naszej pomocy znacz\u0105co poprawili komfort swoich dom\u00f3w oraz przyczynili si\u0119 do ochrony \u015brodowiska. Jeste\u015bmy dumni, \u017ce mo\u017cemy przyczynia\u0107 si\u0119 do realizacji cel\u00f3w programu &#8222;Czyste Powietrze&#8221;, pomagaj\u0105c naszym klientom w efektywnym i ekologicznym modernizowaniu ich nieruchomo\u015bci.<\/p>\n<p>Zach\u0119camy do kontaktu i rozpocz\u0119cia wsp\u00f3\u0142pracy z nami. Razem sprawimy, \u017ce Tw\u00f3j dom stanie si\u0119 bardziej energooszcz\u0119dny, komfortowy i przyjazny\u00a0dla\u00a0\u015brodowiska.<\/p>\n","protected":false},"excerpt":{"rendered":"<p>Oferta W naszej ofercie, skupiamy si\u0119 na kompleksowej realizacji projekt\u00f3w termomodernizacyjnych, kt\u00f3re kwalifikuj\u0105 si\u0119 do dofinansowania w ramach programu &#8222;Czyste Powietrze&#8221;. Nasza firma, dzia\u0142aj\u0105c na rynku ju\u017c od kilku lat, specjalizuje si\u0119 w szerokim zakresie us\u0142ug, kt\u00f3re obejmuj\u0105: Wymian\u0119 starych piec\u00f3w na nowoczesne, ekologiczne \u017ar\u00f3d\u0142a ciep\u0142a, takie jak pompy ciep\u0142a czy kot\u0142y zgazowuj\u0105ce lub pelletowe. &hellip; <\/p>\n<p class=\"link-more\"><a href=\"https:\/\/zrobremont.pl\/index.php\/uslugi\/\" class=\"more-link\">Czytaj dalej<span class=\"screen-reader-text\"> \u201eUs\u0142ugi\u201d<\/span><\/a><\/p>\n","protected":false},"author":1,"featured_media":0,"parent":0,"menu_order":0,"comment_status":"closed","ping_status":"closed","template":"","meta":{"footnotes":""},"class_list":["post-23","page","type-page","status-publish","hentry"],"_links":{"self":[{"href":"https:\/\/zrobremont.pl\/index.php\/wp-json\/wp\/v2\/pages\/23","targetHints":{"allow":["GET"]}}],"collection":[{"href":"https:\/\/zrobremont.pl\/index.php\/wp-json\/wp\/v2\/pages"}],"about":[{"href":"https:\/\/zrobremont.pl\/index.php\/wp-json\/wp\/v2\/types\/page"}],"author":[{"embeddable":true,"href":"https:\/\/zrobremont.pl\/index.php\/wp-json\/wp\/v2\/users\/1"}],"replies":[{"embeddable":true,"href":"https:\/\/zrobremont.pl\/index.php\/wp-json\/wp\/v2\/comments?post=23"}],"version-history":[{"count":3,"href":"https:\/\/zrobremont.pl\/index.php\/wp-json\/wp\/v2\/pages\/23\/revisions"}],"predecessor-version":[{"id":128,"href":"https:\/\/zrobremont.pl\/index.php\/wp-json\/wp\/v2\/pages\/23\/revisions\/128"}],"wp:attachment":[{"href":"https:\/\/zrobremont.pl\/index.php\/wp-json\/wp\/v2\/media?parent=23"}],"curies":[{"name":"wp","href":"https:\/\/api.w.org\/{rel}","templated":true}]}}